{"id":410,"date":"2018-09-22T16:12:58","date_gmt":"2018-09-22T14:12:58","guid":{"rendered":"https:\/\/empireverona.com\/new\/?page_id=410"},"modified":"2025-10-17T10:50:15","modified_gmt":"2025-10-17T08:50:15","slug":"camere-verona-centro","status":"publish","type":"page","link":"https:\/\/empireverona.com\/fr\/chambres-verona-centre\/","title":{"rendered":"Chambres"},"content":{"rendered":"<div data-elementor-type=\"wp-post\" data-elementor-id=\"410\" class=\"elementor elementor-410\" data-elementor-post-type=\"page\">\n\t\t\t\t<div class=\"elementor-element elementor-element-20e0d38 e-con-full e-flex e-con e-parent\" data-id=\"20e0d38\" data-element_type=\"container\" data-settings=\"{&quot;background_background&quot;:&quot;classic&quot;}\">\n\t\t<div class=\"elementor-element elementor-element-3f67755 e-con-full e-flex e-con e-child\" data-id=\"3f67755\" data-element_type=\"container\">\n\t\t<div class=\"elementor-element elementor-element-f588ff1 e-con-full e-flex e-con e-child\" data-id=\"f588ff1\" data-element_type=\"container\">\n\t\t<div class=\"elementor-element elementor-element-2242a69 e-con-full e-flex e-con e-child\" data-id=\"2242a69\" data-element_type=\"container\" data-settings=\"{&quot;background_background&quot;:&quot;classic&quot;}\">\n\t\t\t\t<div class=\"elementor-element elementor-element-9a7102a elementor-widget elementor-widget-heading\" data-id=\"9a7102a\" data-element_type=\"widget\" data-widget_type=\"heading.default\">\n\t\t\t\t<div class=\"elementor-widget-container\">\n\t\t\t\t\t<h1 class=\"elementor-heading-title elementor-size-xl\">Chambres<\/h1>\t\t\t\t<\/div>\n\t\t\t\t<\/div>\n\t\t\t\t<\/div>\n\t\t<div class=\"elementor-element elementor-element-e1fa712 e-con-full e-flex e-con e-child\" data-id=\"e1fa712\" data-element_type=\"container\" data-settings=\"{&quot;background_background&quot;:&quot;classic&quot;}\">\n\t\t\t\t<div class=\"elementor-element elementor-element-d881e76 elementor-widget elementor-widget-heading\" data-id=\"d881e76\" data-element_type=\"widget\" data-widget_type=\"heading.default\">\n\t\t\t\t<div class=\"elementor-widget-container\">\n\t\t\t\t\t<h1 class=\"elementor-heading-title elementor-size-medium\">profitez de votre s\u00e9jour parmi les beaut\u00e9s de V\u00e9rone.<\/h1>\t\t\t\t<\/div>\n\t\t\t\t<\/div>\n\t\t\t\t<\/div>\n\t\t<div class=\"elementor-element elementor-element-310b8d8 e-con-full e-flex e-con e-child\" data-id=\"310b8d8\" data-element_type=\"container\" data-settings=\"{&quot;background_background&quot;:&quot;classic&quot;}\">\n\t\t\t\t<div class=\"elementor-element elementor-element-267f18c elementor-view-framed elementor-shape-circle elementor-widget elementor-widget-icon\" data-id=\"267f18c\" data-element_type=\"widget\" data-widget_type=\"icon.default\">\n\t\t\t\t<div class=\"elementor-widget-container\">\n\t\t\t\t\t\t\t<div class=\"elementor-icon-wrapper\">\n\t\t\t<a class=\"elementor-icon\" href=\"https:\/\/book.octorate.com\/octobook\/site\/reservation\/calendar.xhtml?codice=41006\">\n\t\t\t<svg aria-hidden=\"true\" class=\"e-font-icon-svg e-fas-arrow-right\" viewbox=\"0 0 448 512\" xmlns=\"http:\/\/www.w3.org\/2000\/svg\"><path d=\"M190.5 66.9l22.2-22.2c9.4-9.4 24.6-9.4 33.9 0L441 239c9.4 9.4 9.4 24.6 0 33.9L246.6 467.3c-9.4 9.4-24.6 9.4-33.9 0l-22.2-22.2c-9.5-9.5-9.3-25 .4-34.3L311.4 296H24c-13.3 0-24-10.7-24-24v-32c0-13.3 10.7-24 24-24h287.4L190.9 101.2c-9.8-9.3-10-24.8-.4-34.3z\"><\/path><\/svg>\t\t\t<\/a>\n\t\t<\/div>\n\t\t\t\t\t\t<\/div>\n\t\t\t\t<\/div>\n\t\t\t\t<\/div>\n\t\t<div class=\"elementor-element elementor-element-77045cb e-con-full e-flex e-con e-child\" data-id=\"77045cb\" data-element_type=\"container\">\n\t\t\t\t<\/div>\n\t\t<div class=\"elementor-element elementor-element-ae1328d e-con-full e-flex e-con e-child\" data-id=\"ae1328d\" data-element_type=\"container\">\n\t\t\t\t<\/div>\n\t\t<div class=\"elementor-element elementor-element-2423d17 e-con-full e-flex e-con e-child\" data-id=\"2423d17\" data-element_type=\"container\">\n\t\t\t\t<\/div>\n\t\t\t\t<\/div>\n\t\t\t\t<\/div>\n\t\t\t\t<\/div>\n\t\t<div class=\"elementor-element elementor-element-77b1a39 e-con-full e-flex e-con e-parent\" data-id=\"77b1a39\" data-element_type=\"container\" data-settings=\"{&quot;background_background&quot;:&quot;classic&quot;}\">\n\t\t<div class=\"elementor-element elementor-element-0822690 e-con-full e-flex e-con e-child\" data-id=\"0822690\" data-element_type=\"container\">\n\t\t<div class=\"elementor-element elementor-element-4a366a8 e-con-full e-flex e-con e-child\" data-id=\"4a366a8\" data-element_type=\"container\">\n\t\t<div class=\"elementor-element elementor-element-f0307f1 e-con-full e-flex e-con e-child\" data-id=\"f0307f1\" data-element_type=\"container\" data-settings=\"{&quot;background_background&quot;:&quot;classic&quot;}\">\n\t\t\t\t<div class=\"elementor-element elementor-element-6238874 elementor-widget elementor-widget-image\" data-id=\"6238874\" data-element_type=\"widget\" data-widget_type=\"image.default\">\n\t\t\t\t<div class=\"elementor-widget-container\">\n\t\t\t\t\t\t\t\t\t\t\t\t\t\t\t<img fetchpriority=\"high\" decoding=\"async\" width=\"800\" height=\"580\" src=\"https:\/\/empireverona.com\/wp-content\/uploads\/2018\/09\/Camera-Superior3-2-1-1024x743.webp\" class=\"attachment-large size-large wp-image-323\" alt=\"\" srcset=\"https:\/\/empireverona.com\/wp-content\/uploads\/2018\/09\/Camera-Superior3-2-1-1024x743.webp 1024w, https:\/\/empireverona.com\/wp-content\/uploads\/2018\/09\/Camera-Superior3-2-1-300x218.webp 300w, https:\/\/empireverona.com\/wp-content\/uploads\/2018\/09\/Camera-Superior3-2-1-768x557.webp 768w, https:\/\/empireverona.com\/wp-content\/uploads\/2018\/09\/Camera-Superior3-2-1.webp 1280w\" sizes=\"(max-width: 800px) 100vw, 800px\" \/>\t\t\t\t\t\t\t\t\t\t\t\t\t\t\t<\/div>\n\t\t\t\t<\/div>\n\t\t\t\t<div class=\"elementor-element elementor-element-a339e43 elementor-widget elementor-widget-spacer\" data-id=\"a339e43\" data-element_type=\"widget\" data-widget_type=\"spacer.default\">\n\t\t\t\t<div class=\"elementor-widget-container\">\n\t\t\t\t\t\t\t<div class=\"elementor-spacer\">\n\t\t\t<div class=\"elementor-spacer-inner\"><\/div>\n\t\t<\/div>\n\t\t\t\t\t\t<\/div>\n\t\t\t\t<\/div>\n\t\t\t\t<\/div>\n\t\t<div class=\"elementor-element elementor-element-a475b67 e-con-full e-flex e-con e-child\" data-id=\"a475b67\" data-element_type=\"container\" data-settings=\"{&quot;background_background&quot;:&quot;classic&quot;}\">\n\t\t\t\t<div class=\"elementor-element elementor-element-1beacf5 elementor-widget elementor-widget-heading\" data-id=\"1beacf5\" data-element_type=\"widget\" data-widget_type=\"heading.default\">\n\t\t\t\t<div class=\"elementor-widget-container\">\n\t\t\t\t\t<h3 class=\"elementor-heading-title elementor-size-medium\">Nos chambres<\/h3>\t\t\t\t<\/div>\n\t\t\t\t<\/div>\n\t\t\t\t<div class=\"elementor-element elementor-element-48296ad elementor-widget elementor-widget-heading\" data-id=\"48296ad\" data-element_type=\"widget\" data-widget_type=\"heading.default\">\n\t\t\t\t<div class=\"elementor-widget-container\">\n\t\t\t\t\t<h1 class=\"elementor-heading-title elementor-size-xxl\">Confort et raffinement<\/h1>\t\t\t\t<\/div>\n\t\t\t\t<\/div>\n\t\t\t\t<div class=\"elementor-element elementor-element-69a47d2 elementor-widget elementor-widget-text-editor\" data-id=\"69a47d2\" data-element_type=\"widget\" data-widget_type=\"text-editor.default\">\n\t\t\t\t<div class=\"elementor-widget-container\">\n\t\t\t\t\t\t\t\t\t<p>Raffinement et \u00e9l\u00e9gance sont les ma\u00eetres mots du Relais Empire. Nos chambres sont neuves, originales, finement d\u00e9cor\u00e9es et meubl\u00e9es avec go\u00fbt. Vous aurez l'impression de vous plonger dans le pass\u00e9 et de r\u00eaver pendant votre s\u00e9jour dans la belle ville de V\u00e9rone.<\/p>\t\t\t\t\t\t\t\t<\/div>\n\t\t\t\t<\/div>\n\t\t\t\t<\/div>\n\t\t\t\t<\/div>\n\t\t<div class=\"elementor-element elementor-element-b5f31d3 e-con-full e-flex e-con e-child\" data-id=\"b5f31d3\" data-element_type=\"container\">\n\t\t<div class=\"elementor-element elementor-element-25e982b e-con-full e-flex e-con e-child\" data-id=\"25e982b\" data-element_type=\"container\" data-settings=\"{&quot;background_background&quot;:&quot;classic&quot;}\">\n\t\t\t\t<div class=\"elementor-element elementor-element-648514d elementor-widget elementor-widget-heading\" data-id=\"648514d\" data-element_type=\"widget\" data-widget_type=\"heading.default\">\n\t\t\t\t<div class=\"elementor-widget-container\">\n\t\t\t\t\t<h3 class=\"elementor-heading-title elementor-size-medium\">Services en chambre<\/h3>\t\t\t\t<\/div>\n\t\t\t\t<\/div>\n\t\t\t\t<div class=\"elementor-element elementor-element-b0bfe43 elementor-widget elementor-widget-heading\" data-id=\"b0bfe43\" data-element_type=\"widget\" data-widget_type=\"heading.default\">\n\t\t\t\t<div class=\"elementor-widget-container\">\n\t\t\t\t\t<h2 class=\"elementor-heading-title elementor-size-xxl\">Ce que nous proposons<\/h2>\t\t\t\t<\/div>\n\t\t\t\t<\/div>\n\t\t\t\t<div class=\"elementor-element elementor-element-a60b58b elementor-widget elementor-widget-text-editor\" data-id=\"a60b58b\" data-element_type=\"widget\" data-widget_type=\"text-editor.default\">\n\t\t\t\t<div class=\"elementor-widget-container\">\n\t\t\t\t\t\t\t\t\tLes chambres sont insonoris\u00e9es, \u00e9quip\u00e9es de la climatisation, du chauffage, d'une bouilloire, du WiFi gratuit, d'une t\u00e9l\u00e9vision, d'un coffre-fort, d'un t\u00e9l\u00e9phone, d'un minibar et d'une salle de bains priv\u00e9e avec serviettes et articles de toilette. Le nettoyage quotidien de la chambre est inclus.\t\t\t\t\t\t\t\t<\/div>\n\t\t\t\t<\/div>\n\t\t\t\t<\/div>\n\t\t<div class=\"elementor-element elementor-element-284a0f1 e-con-full e-flex e-con e-child\" data-id=\"284a0f1\" data-element_type=\"container\" data-settings=\"{&quot;background_background&quot;:&quot;classic&quot;}\">\n\t\t\t\t<div class=\"elementor-element elementor-element-a50afc1 elementor-widget elementor-widget-image\" data-id=\"a50afc1\" data-element_type=\"widget\" data-widget_type=\"image.default\">\n\t\t\t\t<div class=\"elementor-widget-container\">\n\t\t\t\t\t\t\t\t\t\t\t\t\t\t\t<img decoding=\"async\" width=\"800\" height=\"534\" data-src=\"https:\/\/empireverona.com\/wp-content\/uploads\/2018\/09\/2017-Mastino021-1024x684.webp\" class=\"attachment-large size-large wp-image-416 lazyload\" alt=\"\" data-srcset=\"https:\/\/empireverona.com\/wp-content\/uploads\/2018\/09\/2017-Mastino021-1024x684.webp 1024w, https:\/\/empireverona.com\/wp-content\/uploads\/2018\/09\/2017-Mastino021-300x200.webp 300w, https:\/\/empireverona.com\/wp-content\/uploads\/2018\/09\/2017-Mastino021-768x513.webp 768w, https:\/\/empireverona.com\/wp-content\/uploads\/2018\/09\/2017-Mastino021-1536x1026.webp 1536w, https:\/\/empireverona.com\/wp-content\/uploads\/2018\/09\/2017-Mastino021.webp 1920w\" data-sizes=\"(max-width: 800px) 100vw, 800px\" src=\"data:image\/gif;base64,R0lGODlhAQABAAAAACH5BAEKAAEALAAAAAABAAEAAAICTAEAOw==\" style=\"--smush-placeholder-width: 800px; --smush-placeholder-aspect-ratio: 800\/534;\" \/>\t\t\t\t\t\t\t\t\t\t\t\t\t\t\t<\/div>\n\t\t\t\t<\/div>\n\t\t\t\t<div class=\"elementor-element elementor-element-0d9e115 elementor-widget elementor-widget-spacer\" data-id=\"0d9e115\" data-element_type=\"widget\" data-widget_type=\"spacer.default\">\n\t\t\t\t<div class=\"elementor-widget-container\">\n\t\t\t\t\t\t\t<div class=\"elementor-spacer\">\n\t\t\t<div class=\"elementor-spacer-inner\"><\/div>\n\t\t<\/div>\n\t\t\t\t\t\t<\/div>\n\t\t\t\t<\/div>\n\t\t\t\t<\/div>\n\t\t\t\t<\/div>\n\t\t<div class=\"elementor-element elementor-element-57f3c60 e-con-full e-flex e-con e-child\" data-id=\"57f3c60\" data-element_type=\"container\">\n\t\t<div class=\"elementor-element elementor-element-8ec5d79 e-con-full e-flex e-con e-child\" data-id=\"8ec5d79\" data-element_type=\"container\" data-settings=\"{&quot;background_background&quot;:&quot;classic&quot;}\">\n\t\t\t\t<div class=\"elementor-element elementor-element-37808a5 elementor-widget elementor-widget-image\" data-id=\"37808a5\" data-element_type=\"widget\" data-widget_type=\"image.default\">\n\t\t\t\t<div class=\"elementor-widget-container\">\n\t\t\t\t\t\t\t\t\t\t\t\t\t\t\t<img decoding=\"async\" width=\"800\" height=\"534\" data-src=\"https:\/\/empireverona.com\/wp-content\/uploads\/2018\/09\/Sala-colazioni-Empire4-1-1024x683.webp\" class=\"attachment-large size-large wp-image-419 lazyload\" alt=\"\" data-srcset=\"https:\/\/empireverona.com\/wp-content\/uploads\/2018\/09\/Sala-colazioni-Empire4-1-1024x683.webp 1024w, https:\/\/empireverona.com\/wp-content\/uploads\/2018\/09\/Sala-colazioni-Empire4-1-300x200.webp 300w, https:\/\/empireverona.com\/wp-content\/uploads\/2018\/09\/Sala-colazioni-Empire4-1-768x512.webp 768w, https:\/\/empireverona.com\/wp-content\/uploads\/2018\/09\/Sala-colazioni-Empire4-1-1536x1024.webp 1536w, https:\/\/empireverona.com\/wp-content\/uploads\/2018\/09\/Sala-colazioni-Empire4-1.webp 1920w\" data-sizes=\"(max-width: 800px) 100vw, 800px\" src=\"data:image\/gif;base64,R0lGODlhAQABAAAAACH5BAEKAAEALAAAAAABAAEAAAICTAEAOw==\" style=\"--smush-placeholder-width: 800px; --smush-placeholder-aspect-ratio: 800\/534;\" \/>\t\t\t\t\t\t\t\t\t\t\t\t\t\t\t<\/div>\n\t\t\t\t<\/div>\n\t\t\t\t<div class=\"elementor-element elementor-element-affd8e0 elementor-widget elementor-widget-spacer\" data-id=\"affd8e0\" data-element_type=\"widget\" data-widget_type=\"spacer.default\">\n\t\t\t\t<div class=\"elementor-widget-container\">\n\t\t\t\t\t\t\t<div class=\"elementor-spacer\">\n\t\t\t<div class=\"elementor-spacer-inner\"><\/div>\n\t\t<\/div>\n\t\t\t\t\t\t<\/div>\n\t\t\t\t<\/div>\n\t\t\t\t<\/div>\n\t\t<div class=\"elementor-element elementor-element-199b84f e-con-full e-flex e-con e-child\" data-id=\"199b84f\" data-element_type=\"container\" data-settings=\"{&quot;background_background&quot;:&quot;classic&quot;}\">\n\t\t\t\t<div class=\"elementor-element elementor-element-01b6af2 elementor-widget elementor-widget-heading\" data-id=\"01b6af2\" data-element_type=\"widget\" data-widget_type=\"heading.default\">\n\t\t\t\t<div class=\"elementor-widget-container\">\n\t\t\t\t\t<h3 class=\"elementor-heading-title elementor-size-medium\">Petit d\u00e9jeuner au relais empire<\/h3>\t\t\t\t<\/div>\n\t\t\t\t<\/div>\n\t\t\t\t<div class=\"elementor-element elementor-element-2b579a7 elementor-widget elementor-widget-heading\" data-id=\"2b579a7\" data-element_type=\"widget\" data-widget_type=\"heading.default\">\n\t\t\t\t<div class=\"elementor-widget-container\">\n\t\t\t\t\t<h1 class=\"elementor-heading-title elementor-size-xxl\">Un petit-d\u00e9jeuner riche<\/h1>\t\t\t\t<\/div>\n\t\t\t\t<\/div>\n\t\t\t\t<div class=\"elementor-element elementor-element-b19f415 elementor-widget elementor-widget-text-editor\" data-id=\"b19f415\" data-element_type=\"widget\" data-widget_type=\"text-editor.default\">\n\t\t\t\t<div class=\"elementor-widget-container\">\n\t\t\t\t\t\t\t\t\tLe Relais Empire dispose d'une salle de petit-d\u00e9jeuner. Le matin, vous trouverez un petit d\u00e9jeuner copieux et vari\u00e9 comprenant des produits sucr\u00e9s et sal\u00e9s, ainsi que des produits sans gluten et sans lactose en cas d'intol\u00e9rance. Le petit-d\u00e9jeuner est servi de 7h30 \u00e0 10h30.\t\t\t\t\t\t\t\t<\/div>\n\t\t\t\t<\/div>\n\t\t\t\t<\/div>\n\t\t\t\t<\/div>\n\t\t\t\t<\/div>\n\t\t\t\t<\/div>\n\t\t\t\t<\/div>","protected":false},"excerpt":{"rendered":"<p>Chambres Profitez de votre s\u00e9jour au c\u0153ur de la beaut\u00e9 de V\u00e9rone. Nos chambres Confort et raffinement Le raffinement et l'\u00e9l\u00e9gance sont les ma\u00eetres mots du Relais Empire. Nos chambres sont neuves, originales, finement d\u00e9cor\u00e9es et meubl\u00e9es avec go\u00fbt. Elles vous permettront de vous plonger dans le pass\u00e9 et de r\u00eaver pendant votre s\u00e9jour dans la splendide ville de V\u00e9rone. Les services offerts par l'h\u00f4tel [...]<\/p>","protected":false},"author":1,"featured_media":36861,"parent":0,"menu_order":0,"comment_status":"closed","ping_status":"closed","template":"","meta":{"footnotes":""},"class_list":["post-410","page","type-page","status-publish","has-post-thumbnail","hentry"],"_links":{"self":[{"href":"https:\/\/empireverona.com\/fr\/wp-json\/wp\/v2\/pages\/410","targetHints":{"allow":["GET"]}}],"collection":[{"href":"https:\/\/empireverona.com\/fr\/wp-json\/wp\/v2\/pages"}],"about":[{"href":"https:\/\/empireverona.com\/fr\/wp-json\/wp\/v2\/types\/page"}],"author":[{"embeddable":true,"href":"https:\/\/empireverona.com\/fr\/wp-json\/wp\/v2\/users\/1"}],"replies":[{"embeddable":true,"href":"https:\/\/empireverona.com\/fr\/wp-json\/wp\/v2\/comments?post=410"}],"version-history":[{"count":24,"href":"https:\/\/empireverona.com\/fr\/wp-json\/wp\/v2\/pages\/410\/revisions"}],"predecessor-version":[{"id":42932,"href":"https:\/\/empireverona.com\/fr\/wp-json\/wp\/v2\/pages\/410\/revisions\/42932"}],"wp:featuredmedia":[{"embeddable":true,"href":"https:\/\/empireverona.com\/fr\/wp-json\/wp\/v2\/media\/36861"}],"wp:attachment":[{"href":"https:\/\/empireverona.com\/fr\/wp-json\/wp\/v2\/media?parent=410"}],"curies":[{"name":"wp","href":"https:\/\/api.w.org\/{rel}","templated":true}]}}