{"id":751,"date":"2018-09-28T12:45:37","date_gmt":"2018-09-28T10:45:37","guid":{"rendered":"https:\/\/empireverona.com\/new\/?page_id=751"},"modified":"2024-12-03T13:20:20","modified_gmt":"2024-12-03T12:20:20","slug":"galleria","status":"publish","type":"page","link":"https:\/\/empireverona.com\/fr\/galerie\/","title":{"rendered":"Galerie"},"content":{"rendered":"<div data-elementor-type=\"wp-post\" data-elementor-id=\"751\" class=\"elementor elementor-751\" data-elementor-post-type=\"page\">\n\t\t\t\t<div class=\"elementor-element elementor-element-6a880fc e-con-full e-flex e-con e-parent\" data-id=\"6a880fc\" data-element_type=\"container\" data-settings=\"{&quot;background_background&quot;:&quot;classic&quot;}\">\n\t\t<div class=\"elementor-element elementor-element-fe8b6b6 e-con-full e-flex e-con e-child\" data-id=\"fe8b6b6\" data-element_type=\"container\">\n\t\t<div class=\"elementor-element elementor-element-ae69e8e e-con-full e-flex e-con e-child\" data-id=\"ae69e8e\" data-element_type=\"container\">\n\t\t<div class=\"elementor-element elementor-element-5cc1aa6 e-con-full e-flex e-con e-child\" data-id=\"5cc1aa6\" data-element_type=\"container\" data-settings=\"{&quot;background_background&quot;:&quot;classic&quot;}\">\n\t\t\t\t<div class=\"elementor-element elementor-element-3d04d56 elementor-widget elementor-widget-heading\" data-id=\"3d04d56\" data-element_type=\"widget\" data-widget_type=\"heading.default\">\n\t\t\t\t<div class=\"elementor-widget-container\">\n\t\t\t\t\t<h1 class=\"elementor-heading-title elementor-size-xl\">Galerie<\/h1>\t\t\t\t<\/div>\n\t\t\t\t<\/div>\n\t\t\t\t<\/div>\n\t\t<div class=\"elementor-element elementor-element-3efbd48 e-con-full e-flex e-con e-child\" data-id=\"3efbd48\" data-element_type=\"container\" data-settings=\"{&quot;background_background&quot;:&quot;classic&quot;}\">\n\t\t\t\t<div class=\"elementor-element elementor-element-e26f0c9 elementor-widget elementor-widget-heading\" data-id=\"e26f0c9\" data-element_type=\"widget\" data-widget_type=\"heading.default\">\n\t\t\t\t<div class=\"elementor-widget-container\">\n\t\t\t\t\t<h1 class=\"elementor-heading-title elementor-size-medium\">profitez de votre s\u00e9jour parmi les beaut\u00e9s de V\u00e9rone.<\/h1>\t\t\t\t<\/div>\n\t\t\t\t<\/div>\n\t\t\t\t<\/div>\n\t\t<div class=\"elementor-element elementor-element-58253ff e-con-full e-flex e-con e-child\" data-id=\"58253ff\" data-element_type=\"container\" data-settings=\"{&quot;background_background&quot;:&quot;classic&quot;}\">\n\t\t\t\t<div class=\"elementor-element elementor-element-ca557cf elementor-view-framed elementor-shape-circle elementor-widget elementor-widget-icon\" data-id=\"ca557cf\" data-element_type=\"widget\" data-widget_type=\"icon.default\">\n\t\t\t\t<div class=\"elementor-widget-container\">\n\t\t\t\t\t\t\t<div class=\"elementor-icon-wrapper\">\n\t\t\t<a class=\"elementor-icon\" href=\"https:\/\/empireverona.com\/fr\/reservation\/\">\n\t\t\t<svg aria-hidden=\"true\" class=\"e-font-icon-svg e-fas-arrow-right\" viewbox=\"0 0 448 512\" xmlns=\"http:\/\/www.w3.org\/2000\/svg\"><path d=\"M190.5 66.9l22.2-22.2c9.4-9.4 24.6-9.4 33.9 0L441 239c9.4 9.4 9.4 24.6 0 33.9L246.6 467.3c-9.4 9.4-24.6 9.4-33.9 0l-22.2-22.2c-9.5-9.5-9.3-25 .4-34.3L311.4 296H24c-13.3 0-24-10.7-24-24v-32c0-13.3 10.7-24 24-24h287.4L190.9 101.2c-9.8-9.3-10-24.8-.4-34.3z\"><\/path><\/svg>\t\t\t<\/a>\n\t\t<\/div>\n\t\t\t\t\t\t<\/div>\n\t\t\t\t<\/div>\n\t\t\t\t<\/div>\n\t\t<div class=\"elementor-element elementor-element-19ec4d6 e-con-full e-flex e-con e-child\" data-id=\"19ec4d6\" data-element_type=\"container\">\n\t\t\t\t<\/div>\n\t\t<div class=\"elementor-element elementor-element-7cf273c e-con-full e-flex e-con e-child\" data-id=\"7cf273c\" data-element_type=\"container\">\n\t\t\t\t<\/div>\n\t\t<div class=\"elementor-element elementor-element-1bcd5aa e-con-full e-flex e-con e-child\" data-id=\"1bcd5aa\" data-element_type=\"container\">\n\t\t\t\t<\/div>\n\t\t\t\t<\/div>\n\t\t\t\t<\/div>\n\t\t\t\t<\/div>\n\t\t<div class=\"elementor-element elementor-element-898c879 e-con-full e-flex e-con e-parent\" data-id=\"898c879\" data-element_type=\"container\" data-settings=\"{&quot;background_background&quot;:&quot;classic&quot;}\">\n\t\t<div class=\"elementor-element elementor-element-151028b e-con-full e-flex e-con e-child\" data-id=\"151028b\" data-element_type=\"container\">\n\t\t<div class=\"elementor-element elementor-element-bb921d7 e-con-full e-flex e-con e-child\" data-id=\"bb921d7\" data-element_type=\"container\">\n\t\t<div class=\"elementor-element elementor-element-0a58bbe e-con-full e-flex e-con e-child\" data-id=\"0a58bbe\" data-element_type=\"container\" data-settings=\"{&quot;background_background&quot;:&quot;classic&quot;}\">\n\t\t\t\t<div class=\"elementor-element elementor-element-106cb86 elementor-widget elementor-widget-image\" data-id=\"106cb86\" data-element_type=\"widget\" data-widget_type=\"image.default\">\n\t\t\t\t<div class=\"elementor-widget-container\">\n\t\t\t\t\t\t\t\t\t\t\t\t\t\t\t<img fetchpriority=\"high\" decoding=\"async\" width=\"800\" height=\"534\" src=\"https:\/\/empireverona.com\/wp-content\/uploads\/2017\/08\/Camera-classica2-1024x683.webp\" class=\"attachment-large size-large wp-image-532\" alt=\"\" srcset=\"https:\/\/empireverona.com\/wp-content\/uploads\/2017\/08\/Camera-classica2-1024x683.webp 1024w, https:\/\/empireverona.com\/wp-content\/uploads\/2017\/08\/Camera-classica2-300x200.webp 300w, https:\/\/empireverona.com\/wp-content\/uploads\/2017\/08\/Camera-classica2-768x512.webp 768w, https:\/\/empireverona.com\/wp-content\/uploads\/2017\/08\/Camera-classica2-1536x1024.webp 1536w, https:\/\/empireverona.com\/wp-content\/uploads\/2017\/08\/Camera-classica2.webp 1920w\" sizes=\"(max-width: 800px) 100vw, 800px\" \/>\t\t\t\t\t\t\t\t\t\t\t\t\t\t\t<\/div>\n\t\t\t\t<\/div>\n\t\t\t\t<div class=\"elementor-element elementor-element-d630fd7 elementor-widget elementor-widget-spacer\" data-id=\"d630fd7\" data-element_type=\"widget\" data-widget_type=\"spacer.default\">\n\t\t\t\t<div class=\"elementor-widget-container\">\n\t\t\t\t\t\t\t<div class=\"elementor-spacer\">\n\t\t\t<div class=\"elementor-spacer-inner\"><\/div>\n\t\t<\/div>\n\t\t\t\t\t\t<\/div>\n\t\t\t\t<\/div>\n\t\t\t\t<\/div>\n\t\t<div class=\"elementor-element elementor-element-8fccd5b e-con-full e-flex e-con e-child\" data-id=\"8fccd5b\" data-element_type=\"container\" data-settings=\"{&quot;background_background&quot;:&quot;classic&quot;}\">\n\t\t\t\t<div class=\"elementor-element elementor-element-7b55570 elementor-widget elementor-widget-image\" data-id=\"7b55570\" data-element_type=\"widget\" data-widget_type=\"image.default\">\n\t\t\t\t<div class=\"elementor-widget-container\">\n\t\t\t\t\t\t\t\t\t\t\t\t\t\t\t<img decoding=\"async\" width=\"333\" height=\"54\" data-src=\"https:\/\/empireverona.com\/wp-content\/uploads\/2018\/09\/line1.webp\" class=\"attachment-large size-large wp-image-40 lazyload\" alt=\"\" data-srcset=\"https:\/\/empireverona.com\/wp-content\/uploads\/2018\/09\/line1.webp 333w, https:\/\/empireverona.com\/wp-content\/uploads\/2018\/09\/line1-300x49.webp 300w\" data-sizes=\"(max-width: 333px) 100vw, 333px\" src=\"data:image\/gif;base64,R0lGODlhAQABAAAAACH5BAEKAAEALAAAAAABAAEAAAICTAEAOw==\" style=\"--smush-placeholder-width: 333px; --smush-placeholder-aspect-ratio: 333\/54;\" \/>\t\t\t\t\t\t\t\t\t\t\t\t\t\t\t<\/div>\n\t\t\t\t<\/div>\n\t\t\t\t<div class=\"elementor-element elementor-element-95bae5a elementor-widget elementor-widget-heading\" data-id=\"95bae5a\" data-element_type=\"widget\" data-widget_type=\"heading.default\">\n\t\t\t\t<div class=\"elementor-widget-container\">\n\t\t\t\t\t<h1 class=\"elementor-heading-title elementor-size-xxl\">Galerie Relais Empire <\/h1>\t\t\t\t<\/div>\n\t\t\t\t<\/div>\n\t\t\t\t<div class=\"elementor-element elementor-element-66e7a53 elementor-widget elementor-widget-text-editor\" data-id=\"66e7a53\" data-element_type=\"widget\" data-widget_type=\"text-editor.default\">\n\t\t\t\t<div class=\"elementor-widget-container\">\n\t\t\t\t\t\t\t\t\tRaffinement et \u00e9l\u00e9gance sont les ma\u00eetres mots du Relais Empire. Nos chambres sont neuves, sp\u00e9ciales, finement d\u00e9cor\u00e9es et meubl\u00e9es avec style. Vous aurez l'impression de vous plonger dans le pass\u00e9 et de r\u00eaver pendant votre s\u00e9jour dans la belle ville de V\u00e9rone.\t\t\t\t\t\t\t\t<\/div>\n\t\t\t\t<\/div>\n\t\t\t\t<div class=\"elementor-element elementor-element-e84a745 elementor-button-danger elementor-align-center elementor-widget elementor-widget-button\" data-id=\"e84a745\" data-element_type=\"widget\" data-widget_type=\"button.default\">\n\t\t\t\t<div class=\"elementor-widget-container\">\n\t\t\t\t\t\t\t\t\t<div class=\"elementor-button-wrapper\">\n\t\t\t\t\t<a class=\"elementor-button elementor-button-link elementor-size-md elementor-animation-bounce-in\" href=\"\/fr\/galleria-foto\/galerie-relais-empire\/\">\n\t\t\t\t\t\t<span class=\"elementor-button-content-wrapper\">\n\t\t\t\t\t\t\t\t\t<span class=\"elementor-button-text\">\u00c9COUTE<\/span>\n\t\t\t\t\t<\/span>\n\t\t\t\t\t<\/a>\n\t\t\t\t<\/div>\n\t\t\t\t\t\t\t\t<\/div>\n\t\t\t\t<\/div>\n\t\t\t\t<\/div>\n\t\t\t\t<\/div>\n\t\t<div class=\"elementor-element elementor-element-e1d2ef9 e-con-full e-flex e-con e-child\" data-id=\"e1d2ef9\" data-element_type=\"container\">\n\t\t<div class=\"elementor-element elementor-element-05d4ed8 e-con-full e-flex e-con e-child\" data-id=\"05d4ed8\" data-element_type=\"container\" data-settings=\"{&quot;background_background&quot;:&quot;classic&quot;}\">\n\t\t\t\t<div class=\"elementor-element elementor-element-f3d2d5c elementor-widget elementor-widget-image\" data-id=\"f3d2d5c\" data-element_type=\"widget\" data-widget_type=\"image.default\">\n\t\t\t\t<div class=\"elementor-widget-container\">\n\t\t\t\t\t\t\t\t\t\t\t\t\t\t\t<img decoding=\"async\" width=\"333\" height=\"54\" data-src=\"https:\/\/empireverona.com\/wp-content\/uploads\/2018\/09\/line1.webp\" class=\"attachment-large size-large wp-image-40 lazyload\" alt=\"\" data-srcset=\"https:\/\/empireverona.com\/wp-content\/uploads\/2018\/09\/line1.webp 333w, https:\/\/empireverona.com\/wp-content\/uploads\/2018\/09\/line1-300x49.webp 300w\" data-sizes=\"(max-width: 333px) 100vw, 333px\" src=\"data:image\/gif;base64,R0lGODlhAQABAAAAACH5BAEKAAEALAAAAAABAAEAAAICTAEAOw==\" style=\"--smush-placeholder-width: 333px; --smush-placeholder-aspect-ratio: 333\/54;\" \/>\t\t\t\t\t\t\t\t\t\t\t\t\t\t\t<\/div>\n\t\t\t\t<\/div>\n\t\t\t\t<div class=\"elementor-element elementor-element-b3ff5d6 elementor-widget elementor-widget-heading\" data-id=\"b3ff5d6\" data-element_type=\"widget\" data-widget_type=\"heading.default\">\n\t\t\t\t<div class=\"elementor-widget-container\">\n\t\t\t\t\t<h2 class=\"elementor-heading-title elementor-size-xxl\">Galerie Paradise Spa<\/h2>\t\t\t\t<\/div>\n\t\t\t\t<\/div>\n\t\t\t\t<div class=\"elementor-element elementor-element-1f83689 elementor-widget elementor-widget-text-editor\" data-id=\"1f83689\" data-element_type=\"widget\" data-widget_type=\"text-editor.default\">\n\t\t\t\t<div class=\"elementor-widget-container\">\n\t\t\t\t\t\t\t\t\t<p>\u00c0 quelques centaines de m\u00e8tres du Relais Empire se trouve le Paradise Spa. Magnifique centre de bien-\u00eatre pour profiter d'un moment de pure et intense relaxation. Vous pouvez \u00e9galement vous offrir un massage de votre choix.<\/p>\t\t\t\t\t\t\t\t<\/div>\n\t\t\t\t<\/div>\n\t\t\t\t<div class=\"elementor-element elementor-element-431be1e elementor-button-danger elementor-align-center elementor-widget elementor-widget-button\" data-id=\"431be1e\" data-element_type=\"widget\" data-widget_type=\"button.default\">\n\t\t\t\t<div class=\"elementor-widget-container\">\n\t\t\t\t\t\t\t\t\t<div class=\"elementor-button-wrapper\">\n\t\t\t\t\t<a class=\"elementor-button elementor-button-link elementor-size-md elementor-animation-bounce-in\" href=\"\/fr\/galleria-foto\/paradise-gallery-spa\/\">\n\t\t\t\t\t\t<span class=\"elementor-button-content-wrapper\">\n\t\t\t\t\t\t\t\t\t<span class=\"elementor-button-text\">\u00c9COUTE<\/span>\n\t\t\t\t\t<\/span>\n\t\t\t\t\t<\/a>\n\t\t\t\t<\/div>\n\t\t\t\t\t\t\t\t<\/div>\n\t\t\t\t<\/div>\n\t\t\t\t<\/div>\n\t\t<div class=\"elementor-element elementor-element-b7ed979 e-con-full e-flex e-con e-child\" data-id=\"b7ed979\" data-element_type=\"container\" data-settings=\"{&quot;background_background&quot;:&quot;classic&quot;}\">\n\t\t\t\t<div class=\"elementor-element elementor-element-e4cd851 elementor-widget elementor-widget-image\" data-id=\"e4cd851\" data-element_type=\"widget\" data-widget_type=\"image.default\">\n\t\t\t\t<div class=\"elementor-widget-container\">\n\t\t\t\t\t\t\t\t\t\t\t\t\t\t\t<img decoding=\"async\" width=\"800\" height=\"580\" data-src=\"https:\/\/empireverona.com\/wp-content\/uploads\/2018\/09\/Paradise-SPA-2-1024x742.webp\" class=\"attachment-large size-large wp-image-76 lazyload\" alt=\"\" data-srcset=\"https:\/\/empireverona.com\/wp-content\/uploads\/2018\/09\/Paradise-SPA-2-1024x742.webp 1024w, https:\/\/empireverona.com\/wp-content\/uploads\/2018\/09\/Paradise-SPA-2-300x217.webp 300w, https:\/\/empireverona.com\/wp-content\/uploads\/2018\/09\/Paradise-SPA-2-768x556.webp 768w, https:\/\/empireverona.com\/wp-content\/uploads\/2018\/09\/Paradise-SPA-2.webp 1280w\" data-sizes=\"(max-width: 800px) 100vw, 800px\" src=\"data:image\/gif;base64,R0lGODlhAQABAAAAACH5BAEKAAEALAAAAAABAAEAAAICTAEAOw==\" style=\"--smush-placeholder-width: 800px; --smush-placeholder-aspect-ratio: 800\/580;\" \/>\t\t\t\t\t\t\t\t\t\t\t\t\t\t\t<\/div>\n\t\t\t\t<\/div>\n\t\t\t\t<div class=\"elementor-element elementor-element-6e3c21b elementor-widget elementor-widget-spacer\" data-id=\"6e3c21b\" data-element_type=\"widget\" data-widget_type=\"spacer.default\">\n\t\t\t\t<div class=\"elementor-widget-container\">\n\t\t\t\t\t\t\t<div class=\"elementor-spacer\">\n\t\t\t<div class=\"elementor-spacer-inner\"><\/div>\n\t\t<\/div>\n\t\t\t\t\t\t<\/div>\n\t\t\t\t<\/div>\n\t\t\t\t<\/div>\n\t\t\t\t<\/div>\n\t\t<div class=\"elementor-element elementor-element-f5f8672 e-con-full e-flex e-con e-child\" data-id=\"f5f8672\" data-element_type=\"container\">\n\t\t<div class=\"elementor-element elementor-element-70f74f8 e-con-full e-flex e-con e-child\" data-id=\"70f74f8\" data-element_type=\"container\" data-settings=\"{&quot;background_background&quot;:&quot;classic&quot;}\">\n\t\t\t\t<div class=\"elementor-element elementor-element-2b26048 elementor-widget elementor-widget-image\" data-id=\"2b26048\" data-element_type=\"widget\" data-widget_type=\"image.default\">\n\t\t\t\t<div class=\"elementor-widget-container\">\n\t\t\t\t\t\t\t\t\t\t\t\t\t\t\t<img decoding=\"async\" width=\"800\" height=\"450\" data-src=\"https:\/\/empireverona.com\/wp-content\/uploads\/2018\/10\/Foto-Piazza-Delle-Erbe-2-1024x576.jpg\" class=\"attachment-large size-large wp-image-965 lazyload\" alt=\"\" data-srcset=\"https:\/\/empireverona.com\/wp-content\/uploads\/2018\/10\/Foto-Piazza-Delle-Erbe-2-1024x576.jpg 1024w, https:\/\/empireverona.com\/wp-content\/uploads\/2018\/10\/Foto-Piazza-Delle-Erbe-2-300x169.jpg 300w, https:\/\/empireverona.com\/wp-content\/uploads\/2018\/10\/Foto-Piazza-Delle-Erbe-2-768x432.jpg 768w, https:\/\/empireverona.com\/wp-content\/uploads\/2018\/10\/Foto-Piazza-Delle-Erbe-2-1536x864.jpg 1536w, https:\/\/empireverona.com\/wp-content\/uploads\/2018\/10\/Foto-Piazza-Delle-Erbe-2.jpg 1920w\" data-sizes=\"(max-width: 800px) 100vw, 800px\" src=\"data:image\/gif;base64,R0lGODlhAQABAAAAACH5BAEKAAEALAAAAAABAAEAAAICTAEAOw==\" style=\"--smush-placeholder-width: 800px; --smush-placeholder-aspect-ratio: 800\/450;\" \/>\t\t\t\t\t\t\t\t\t\t\t\t\t\t\t<\/div>\n\t\t\t\t<\/div>\n\t\t\t\t<div class=\"elementor-element elementor-element-7ad3b15 elementor-widget elementor-widget-spacer\" data-id=\"7ad3b15\" data-element_type=\"widget\" data-widget_type=\"spacer.default\">\n\t\t\t\t<div class=\"elementor-widget-container\">\n\t\t\t\t\t\t\t<div class=\"elementor-spacer\">\n\t\t\t<div class=\"elementor-spacer-inner\"><\/div>\n\t\t<\/div>\n\t\t\t\t\t\t<\/div>\n\t\t\t\t<\/div>\n\t\t\t\t<\/div>\n\t\t<div class=\"elementor-element elementor-element-0776315 e-con-full e-flex e-con e-child\" data-id=\"0776315\" data-element_type=\"container\" data-settings=\"{&quot;background_background&quot;:&quot;classic&quot;}\">\n\t\t\t\t<div class=\"elementor-element elementor-element-41e240b elementor-widget elementor-widget-image\" data-id=\"41e240b\" data-element_type=\"widget\" data-widget_type=\"image.default\">\n\t\t\t\t<div class=\"elementor-widget-container\">\n\t\t\t\t\t\t\t\t\t\t\t\t\t\t\t<img decoding=\"async\" width=\"333\" height=\"54\" data-src=\"https:\/\/empireverona.com\/wp-content\/uploads\/2018\/09\/line1.webp\" class=\"attachment-large size-large wp-image-40 lazyload\" alt=\"\" data-srcset=\"https:\/\/empireverona.com\/wp-content\/uploads\/2018\/09\/line1.webp 333w, https:\/\/empireverona.com\/wp-content\/uploads\/2018\/09\/line1-300x49.webp 300w\" data-sizes=\"(max-width: 333px) 100vw, 333px\" src=\"data:image\/gif;base64,R0lGODlhAQABAAAAACH5BAEKAAEALAAAAAABAAEAAAICTAEAOw==\" style=\"--smush-placeholder-width: 333px; --smush-placeholder-aspect-ratio: 333\/54;\" \/>\t\t\t\t\t\t\t\t\t\t\t\t\t\t\t<\/div>\n\t\t\t\t<\/div>\n\t\t\t\t<div class=\"elementor-element elementor-element-ec62f58 elementor-widget elementor-widget-heading\" data-id=\"ec62f58\" data-element_type=\"widget\" data-widget_type=\"heading.default\">\n\t\t\t\t<div class=\"elementor-widget-container\">\n\t\t\t\t\t<h1 class=\"elementor-heading-title elementor-size-xxl\">Galerie photos V\u00e9rone<\/h1>\t\t\t\t<\/div>\n\t\t\t\t<\/div>\n\t\t\t\t<div class=\"elementor-element elementor-element-1723c34 elementor-widget elementor-widget-text-editor\" data-id=\"1723c34\" data-element_type=\"widget\" data-widget_type=\"text-editor.default\">\n\t\t\t\t<div class=\"elementor-widget-container\">\n\t\t\t\t\t\t\t\t\tV\u00e9rone est une ville magnifique et nous pensons qu'elle vaut vraiment la peine d'\u00eatre visit\u00e9e pour ses grandes richesses historiques et artistiques. V\u00e9rone est impr\u00e9gn\u00e9e de milliers d'ann\u00e9es d'histoire, avec des vestiges romains, des empreintes m\u00e9di\u00e9vales et autrichiennes que l'on peut voir presque partout, dans les anciens palais, sur les places, sur les ponts et dans les belles \u00e9glises. Cette ville enchanteresse vaut vraiment la peine d'\u00eatre d\u00e9couverte sous tous ses aspects.\t\t\t\t\t\t\t\t<\/div>\n\t\t\t\t<\/div>\n\t\t\t\t<div class=\"elementor-element elementor-element-296dbb6 elementor-button-danger elementor-align-center elementor-widget elementor-widget-button\" data-id=\"296dbb6\" data-element_type=\"widget\" data-widget_type=\"button.default\">\n\t\t\t\t<div class=\"elementor-widget-container\">\n\t\t\t\t\t\t\t\t\t<div class=\"elementor-button-wrapper\">\n\t\t\t\t\t<a class=\"elementor-button elementor-button-link elementor-size-md elementor-animation-bounce-in\" href=\"\/fr\/galleria-foto\/galerie-de-photos-de-verone\/\">\n\t\t\t\t\t\t<span class=\"elementor-button-content-wrapper\">\n\t\t\t\t\t\t\t\t\t<span class=\"elementor-button-text\">\u00c9COUTE<\/span>\n\t\t\t\t\t<\/span>\n\t\t\t\t\t<\/a>\n\t\t\t\t<\/div>\n\t\t\t\t\t\t\t\t<\/div>\n\t\t\t\t<\/div>\n\t\t\t\t<\/div>\n\t\t\t\t<\/div>\n\t\t\t\t<\/div>\n\t\t\t\t<\/div>\n\t\t\t\t<section class=\"elementor-section elementor-top-section elementor-element elementor-element-86b8964 elementor-section-full_width elementor-section-height-default elementor-section-height-default\" data-id=\"86b8964\" data-element_type=\"section\">\n\t\t\t\t\t\t<div class=\"elementor-container elementor-column-gap-default\">\n\t\t\t\t\t<div class=\"elementor-column elementor-col-100 elementor-top-column elementor-element elementor-element-3b59f94 elementor-invisible\" data-id=\"3b59f94\" data-element_type=\"column\" data-settings=\"{&quot;background_background&quot;:&quot;classic&quot;,&quot;animation&quot;:&quot;fadeInDown&quot;}\">\n\t\t\t<div class=\"elementor-widget-wrap elementor-element-populated\">\n\t\t\t\t\t<div class=\"elementor-background-overlay\"><\/div>\n\t\t\t\t\t\t<div class=\"elementor-element elementor-element-4483a0d elementor-widget elementor-widget-spacer\" data-id=\"4483a0d\" data-element_type=\"widget\" data-widget_type=\"spacer.default\">\n\t\t\t\t<div class=\"elementor-widget-container\">\n\t\t\t\t\t\t\t<div class=\"elementor-spacer\">\n\t\t\t<div class=\"elementor-spacer-inner\"><\/div>\n\t\t<\/div>\n\t\t\t\t\t\t<\/div>\n\t\t\t\t<\/div>\n\t\t\t\t<div class=\"elementor-element elementor-element-15534d9 elementor-widget elementor-widget-image\" data-id=\"15534d9\" data-element_type=\"widget\" data-widget_type=\"image.default\">\n\t\t\t\t<div class=\"elementor-widget-container\">\n\t\t\t\t\t\t\t\t\t\t\t\t\t\t\t<img decoding=\"async\" width=\"333\" height=\"54\" data-src=\"https:\/\/empireverona.com\/wp-content\/uploads\/2018\/09\/line1.webp\" class=\"attachment-large size-large wp-image-40 lazyload\" alt=\"\" data-srcset=\"https:\/\/empireverona.com\/wp-content\/uploads\/2018\/09\/line1.webp 333w, https:\/\/empireverona.com\/wp-content\/uploads\/2018\/09\/line1-300x49.webp 300w\" data-sizes=\"(max-width: 333px) 100vw, 333px\" src=\"data:image\/gif;base64,R0lGODlhAQABAAAAACH5BAEKAAEALAAAAAABAAEAAAICTAEAOw==\" style=\"--smush-placeholder-width: 333px; --smush-placeholder-aspect-ratio: 333\/54;\" \/>\t\t\t\t\t\t\t\t\t\t\t\t\t\t\t<\/div>\n\t\t\t\t<\/div>\n\t\t\t\t<div class=\"elementor-element elementor-element-4dc33d3 premium-atext__switch elementor-widget elementor-widget-premium-addon-fancy-text\" data-id=\"4dc33d3\" data-element_type=\"widget\" data-widget_type=\"premium-addon-fancy-text.default\">\n\t\t\t\t<div class=\"elementor-widget-container\">\n\t\t\t\t\t\t\t<div class=\"premium-atext__wrapper premium-atext__typing\" data-start-effect=\"page_load\" data-settings=\"{&quot;effect&quot;:&quot;typing&quot;,&quot;strings&quot;:[&quot;nel cuore di Verona&quot;],&quot;typeSpeed&quot;:50,&quot;backSpeed&quot;:40,&quot;startDelay&quot;:40,&quot;backDelay&quot;:30,&quot;showCursor&quot;:false,&quot;loop&quot;:true,&quot;loading&quot;:false,&quot;style&quot;:&quot;switch&quot;}\">\r\n\r\n\t\t\t<h3 class=\"premium-atext__headline\">\r\n\t\t\t\t\t\t\t<span class=\"premium-prefix-text\">\r\n\t\t\t\t\t<span >S'immerger <\/span>\r\n\t\t\t\t<\/span>\r\n\t\t\t\r\n\t\t\t\t\t\t<span class=\"premium-atext__text\"><\/span>\r\n\t\t\r\n\t\t\t\r\n\t\t\t\r\n\t\t\t<\/h3>\r\n\t\t<\/div>\r\n\t\t\t\t\t\t<\/div>\n\t\t\t\t<\/div>\n\t\t\t\t<div class=\"elementor-element elementor-element-d9db8bd elementor-widget elementor-widget-heading\" data-id=\"d9db8bd\" data-element_type=\"widget\" data-widget_type=\"heading.default\">\n\t\t\t\t<div class=\"elementor-widget-container\">\n\t\t\t\t\t<h4 class=\"elementor-heading-title elementor-size-small\"><a href=\"#\">Le Relais Empire se caract\u00e9rise par sa centralit\u00e9 et son confort. Nous sommes situ\u00e9s \u00e0 400 m\u00e8tres \u00e0 pied des Ar\u00e8nes, sur la principale voie d'acc\u00e8s au centre historique de V\u00e9rone, dans le Corso Porta Nuova.<\/a><\/h4>\t\t\t\t<\/div>\n\t\t\t\t<\/div>\n\t\t\t\t<div class=\"elementor-element elementor-element-03f014e elementor-widget elementor-widget-image\" data-id=\"03f014e\" data-element_type=\"widget\" data-widget_type=\"image.default\">\n\t\t\t\t<div class=\"elementor-widget-container\">\n\t\t\t\t\t\t\t\t\t\t\t\t\t\t\t<img decoding=\"async\" width=\"129\" height=\"35\" data-src=\"https:\/\/empireverona.com\/wp-content\/uploads\/2018\/09\/line2.webp\" class=\"attachment-large size-large wp-image-57 lazyload\" alt=\"\" src=\"data:image\/gif;base64,R0lGODlhAQABAAAAACH5BAEKAAEALAAAAAABAAEAAAICTAEAOw==\" style=\"--smush-placeholder-width: 129px; --smush-placeholder-aspect-ratio: 129\/35;\" \/>\t\t\t\t\t\t\t\t\t\t\t\t\t\t\t<\/div>\n\t\t\t\t<\/div>\n\t\t\t\t<div class=\"elementor-element elementor-element-0a6c50e elementor-widget elementor-widget-spacer\" data-id=\"0a6c50e\" data-element_type=\"widget\" data-widget_type=\"spacer.default\">\n\t\t\t\t<div class=\"elementor-widget-container\">\n\t\t\t\t\t\t\t<div class=\"elementor-spacer\">\n\t\t\t<div class=\"elementor-spacer-inner\"><\/div>\n\t\t<\/div>\n\t\t\t\t\t\t<\/div>\n\t\t\t\t<\/div>\n\t\t\t\t\t<\/div>\n\t\t<\/div>\n\t\t\t\t\t<\/div>\n\t\t<\/section>\n\t\t<div class=\"elementor-element elementor-element-dee4504 e-flex e-con-boxed e-con e-parent\" data-id=\"dee4504\" data-element_type=\"container\">\n\t\t\t\t\t<div class=\"e-con-inner\">\n\t\t\t\t\t<\/div>\n\t\t\t\t<\/div>\n\t\t\t\t<\/div>","protected":false},"excerpt":{"rendered":"<p>Galerie Profitez de votre s\u00e9jour parmi les beaut\u00e9s de V\u00e9rone. Galleria Relais Empire Raffinement et \u00e9l\u00e9gance sont les ma\u00eetres mots du Relais Empire. Nos chambres sont neuves, sp\u00e9ciales, finement d\u00e9cor\u00e9es et meubl\u00e9es avec style. Vous aurez l'impression de vous plonger dans le pass\u00e9 et de r\u00eaver pendant votre s\u00e9jour dans la belle ville de V\u00e9rone. GUARDA Gallery Paradise Spa A [...]<\/p>","protected":false},"author":1,"featured_media":0,"parent":0,"menu_order":0,"comment_status":"closed","ping_status":"closed","template":"","meta":{"footnotes":""},"class_list":["post-751","page","type-page","status-publish","hentry"],"_links":{"self":[{"href":"https:\/\/empireverona.com\/fr\/wp-json\/wp\/v2\/pages\/751","targetHints":{"allow":["GET"]}}],"collection":[{"href":"https:\/\/empireverona.com\/fr\/wp-json\/wp\/v2\/pages"}],"about":[{"href":"https:\/\/empireverona.com\/fr\/wp-json\/wp\/v2\/types\/page"}],"author":[{"embeddable":true,"href":"https:\/\/empireverona.com\/fr\/wp-json\/wp\/v2\/users\/1"}],"replies":[{"embeddable":true,"href":"https:\/\/empireverona.com\/fr\/wp-json\/wp\/v2\/comments?post=751"}],"version-history":[{"count":9,"href":"https:\/\/empireverona.com\/fr\/wp-json\/wp\/v2\/pages\/751\/revisions"}],"predecessor-version":[{"id":42697,"href":"https:\/\/empireverona.com\/fr\/wp-json\/wp\/v2\/pages\/751\/revisions\/42697"}],"wp:attachment":[{"href":"https:\/\/empireverona.com\/fr\/wp-json\/wp\/v2\/media?parent=751"}],"curies":[{"name":"wp","href":"https:\/\/api.w.org\/{rel}","templated":true}]}}